{"id":267,"date":"2025-04-02T20:53:32","date_gmt":"2025-04-02T18:53:32","guid":{"rendered":"https:\/\/rail-asso.fr\/?page_id=267"},"modified":"2025-05-12T17:12:25","modified_gmt":"2025-05-12T15:12:25","slug":"loisirs-et-activites","status":"publish","type":"page","link":"https:\/\/rail-asso.fr\/index.php\/loisirs-et-activites\/","title":{"rendered":"Loisirs et activit\u00e9s"},"content":{"rendered":"\n<h4 class=\"wp-block-heading\">RAIL organise r\u00e9guli\u00e8rement des loisirs et activit\u00e9s avec les h\u00e9berg\u00e9s. Pique-nique \u00e0 la mer, r\u00e9alisation de p\u00e2tisseries, jeux de soci\u00e9t\u00e9, visite d\u2019expositions\u2026 Ces activit\u00e9s cr\u00e9ent du lien et favorisent l\u2019int\u00e9gration des demandeurs d\u2019asile.<\/h4>\n\n\n\n<div class=\"wp-block-buttons is-layout-flex wp-block-buttons-is-layout-flex\">\n<div class=\"wp-block-button\"><a class=\"wp-block-button__link wp-element-button\" href=\"https:\/\/rail-asso.fr\/index.php\/nous-contater\/\" target=\"_blank\" rel=\"noreferrer noopener\">Rejoindre l&rsquo;\u00e9quipe ? Proposer une activit\u00e9 ? C&rsquo;est possible !<\/a><\/div>\n<\/div>\n\n\n\n<div class=\"wp-block-group alignfull has-global-padding is-layout-constrained wp-container-core-group-is-layout-b25ccd55 wp-block-group-is-layout-constrained\" style=\"margin-top:0;margin-bottom:0;padding-top:var(--wp--preset--spacing--50);padding-right:var(--wp--preset--spacing--50);padding-bottom:var(--wp--preset--spacing--50);padding-left:var(--wp--preset--spacing--50)\">\n<div class=\"wp-block-columns alignwide is-layout-flex wp-container-core-columns-is-layout-ff4b9c61 wp-block-columns-is-layout-flex\" style=\"margin-top:0;margin-bottom:0\">\n<div class=\"wp-block-column is-layout-flow wp-container-core-column-is-layout-8a368f38 wp-block-column-is-layout-flow\">\n<figure class=\"wp-block-image size-large is-style-rounded is-style-rounded--1\"><img loading=\"lazy\" decoding=\"async\" width=\"1024\" height=\"768\" src=\"https:\/\/rail-asso.fr\/wp-content\/uploads\/2025\/04\/8-mars-2025-Parc-J-Lebas-1024x768.png\" alt=\"\" class=\"wp-image-317\" style=\"aspect-ratio:4\/3;object-fit:cover\" srcset=\"https:\/\/rail-asso.fr\/wp-content\/uploads\/2025\/04\/8-mars-2025-Parc-J-Lebas-1024x768.png 1024w, https:\/\/rail-asso.fr\/wp-content\/uploads\/2025\/04\/8-mars-2025-Parc-J-Lebas-300x225.png 300w, https:\/\/rail-asso.fr\/wp-content\/uploads\/2025\/04\/8-mars-2025-Parc-J-Lebas-768x576.png 768w, https:\/\/rail-asso.fr\/wp-content\/uploads\/2025\/04\/8-mars-2025-Parc-J-Lebas.png 1029w\" sizes=\"(max-width: 1024px) 100vw, 1024px\" \/><\/figure>\n\n\n\n<div style=\"height:var(--wp--preset--spacing--50)\" aria-hidden=\"true\" class=\"wp-block-spacer\"><\/div>\n\n\n\n<figure class=\"wp-block-image size-large is-style-rounded is-style-rounded--2\"><img loading=\"lazy\" decoding=\"async\" width=\"1024\" height=\"768\" src=\"https:\/\/rail-asso.fr\/wp-content\/uploads\/2025\/04\/Louvre-Lens-5-janvier-2025-1-1024x768.png\" alt=\"\" class=\"wp-image-322\" style=\"aspect-ratio:3\/4;object-fit:cover\" srcset=\"https:\/\/rail-asso.fr\/wp-content\/uploads\/2025\/04\/Louvre-Lens-5-janvier-2025-1-1024x768.png 1024w, https:\/\/rail-asso.fr\/wp-content\/uploads\/2025\/04\/Louvre-Lens-5-janvier-2025-1-300x225.png 300w, https:\/\/rail-asso.fr\/wp-content\/uploads\/2025\/04\/Louvre-Lens-5-janvier-2025-1-768x576.png 768w, https:\/\/rail-asso.fr\/wp-content\/uploads\/2025\/04\/Louvre-Lens-5-janvier-2025-1.png 1029w\" sizes=\"(max-width: 1024px) 100vw, 1024px\" \/><\/figure>\n\n\n\n<div style=\"height:var(--wp--preset--spacing--50)\" aria-hidden=\"true\" class=\"wp-block-spacer\"><\/div>\n\n\n\n<figure class=\"wp-block-image size-large is-style-rounded is-style-rounded--3\"><img loading=\"lazy\" decoding=\"async\" width=\"768\" height=\"1024\" src=\"https:\/\/rail-asso.fr\/wp-content\/uploads\/2025\/04\/Soiree-spectacle-migrants-20-novembre-2024-768x1024.jpg\" alt=\"\" class=\"wp-image-327\" style=\"aspect-ratio:3\/4;object-fit:cover\" srcset=\"https:\/\/rail-asso.fr\/wp-content\/uploads\/2025\/04\/Soiree-spectacle-migrants-20-novembre-2024-768x1024.jpg 768w, https:\/\/rail-asso.fr\/wp-content\/uploads\/2025\/04\/Soiree-spectacle-migrants-20-novembre-2024-225x300.jpg 225w, https:\/\/rail-asso.fr\/wp-content\/uploads\/2025\/04\/Soiree-spectacle-migrants-20-novembre-2024.jpg 960w\" sizes=\"(max-width: 768px) 100vw, 768px\" \/><\/figure>\n<\/div>\n\n\n\n<div class=\"wp-block-column is-layout-flow wp-container-core-column-is-layout-8a368f38 wp-block-column-is-layout-flow\">\n<div style=\"height:var(--wp--preset--spacing--50)\" aria-hidden=\"true\" class=\"wp-block-spacer\"><\/div>\n\n\n\n<figure class=\"wp-block-image size-large is-style-rounded is-style-rounded--4\"><img loading=\"lazy\" decoding=\"async\" width=\"1024\" height=\"768\" src=\"https:\/\/rail-asso.fr\/wp-content\/uploads\/2025\/04\/Bowoling-16-novembre-1024x768.png\" alt=\"\" class=\"wp-image-318\" style=\"aspect-ratio:3\/4;object-fit:cover\" srcset=\"https:\/\/rail-asso.fr\/wp-content\/uploads\/2025\/04\/Bowoling-16-novembre-1024x768.png 1024w, https:\/\/rail-asso.fr\/wp-content\/uploads\/2025\/04\/Bowoling-16-novembre-300x225.png 300w, https:\/\/rail-asso.fr\/wp-content\/uploads\/2025\/04\/Bowoling-16-novembre-768x576.png 768w, https:\/\/rail-asso.fr\/wp-content\/uploads\/2025\/04\/Bowoling-16-novembre.png 1029w\" sizes=\"(max-width: 1024px) 100vw, 1024px\" \/><\/figure>\n\n\n\n<div style=\"height:var(--wp--preset--spacing--50)\" aria-hidden=\"true\" class=\"wp-block-spacer\"><\/div>\n\n\n\n<figure class=\"wp-block-image size-large is-style-rounded is-style-rounded--5\"><img loading=\"lazy\" decoding=\"async\" width=\"768\" height=\"1024\" src=\"https:\/\/rail-asso.fr\/wp-content\/uploads\/2025\/04\/14-decembre-2024-sables-et-jeux-768x1024.png\" alt=\"\" class=\"wp-image-325\" style=\"aspect-ratio:1;object-fit:cover\" srcset=\"https:\/\/rail-asso.fr\/wp-content\/uploads\/2025\/04\/14-decembre-2024-sables-et-jeux-768x1024.png 768w, https:\/\/rail-asso.fr\/wp-content\/uploads\/2025\/04\/14-decembre-2024-sables-et-jeux-225x300.png 225w, https:\/\/rail-asso.fr\/wp-content\/uploads\/2025\/04\/14-decembre-2024-sables-et-jeux.png 960w\" sizes=\"(max-width: 768px) 100vw, 768px\" \/><\/figure>\n\n\n\n<div style=\"height:var(--wp--preset--spacing--50)\" aria-hidden=\"true\" class=\"wp-block-spacer\"><\/div>\n\n\n\n<figure class=\"wp-block-image size-large is-style-rounded is-style-rounded--6\"><img loading=\"lazy\" decoding=\"async\" width=\"1024\" height=\"768\" src=\"https:\/\/rail-asso.fr\/wp-content\/uploads\/2025\/04\/18-janvier-2025-galette-1-1024x768.png\" alt=\"\" class=\"wp-image-328\" style=\"aspect-ratio:1;object-fit:cover\" srcset=\"https:\/\/rail-asso.fr\/wp-content\/uploads\/2025\/04\/18-janvier-2025-galette-1-1024x768.png 1024w, https:\/\/rail-asso.fr\/wp-content\/uploads\/2025\/04\/18-janvier-2025-galette-1-300x225.png 300w, https:\/\/rail-asso.fr\/wp-content\/uploads\/2025\/04\/18-janvier-2025-galette-1-768x576.png 768w, https:\/\/rail-asso.fr\/wp-content\/uploads\/2025\/04\/18-janvier-2025-galette-1.png 1029w\" sizes=\"(max-width: 1024px) 100vw, 1024px\" \/><\/figure>\n<\/div>\n\n\n\n<div class=\"wp-block-column is-layout-flow wp-container-core-column-is-layout-8a368f38 wp-block-column-is-layout-flow\">\n<figure class=\"wp-block-image size-large is-style-rounded is-style-rounded--7\"><img loading=\"lazy\" decoding=\"async\" width=\"1024\" height=\"770\" src=\"https:\/\/rail-asso.fr\/wp-content\/uploads\/2025\/04\/Bowling-et-pique-nique-2-20-novmbre-2024-1024x770.jpg\" alt=\"\" class=\"wp-image-319\" style=\"aspect-ratio:3\/4;object-fit:cover\" srcset=\"https:\/\/rail-asso.fr\/wp-content\/uploads\/2025\/04\/Bowling-et-pique-nique-2-20-novmbre-2024-1024x770.jpg 1024w, https:\/\/rail-asso.fr\/wp-content\/uploads\/2025\/04\/Bowling-et-pique-nique-2-20-novmbre-2024-300x225.jpg 300w, https:\/\/rail-asso.fr\/wp-content\/uploads\/2025\/04\/Bowling-et-pique-nique-2-20-novmbre-2024-768x577.jpg 768w, https:\/\/rail-asso.fr\/wp-content\/uploads\/2025\/04\/Bowling-et-pique-nique-2-20-novmbre-2024.jpg 1280w\" sizes=\"(max-width: 1024px) 100vw, 1024px\" \/><\/figure>\n\n\n\n<div style=\"height:var(--wp--preset--spacing--50)\" aria-hidden=\"true\" class=\"wp-block-spacer\"><\/div>\n\n\n\n<figure class=\"wp-block-image size-large is-style-rounded is-style-rounded--8\"><img loading=\"lazy\" decoding=\"async\" width=\"1024\" height=\"768\" src=\"https:\/\/rail-asso.fr\/wp-content\/uploads\/2025\/04\/Loisirs-1-1024x768.jpg\" alt=\"\" class=\"wp-image-323\" style=\"aspect-ratio:3\/4;object-fit:cover\" srcset=\"https:\/\/rail-asso.fr\/wp-content\/uploads\/2025\/04\/Loisirs-1-1024x768.jpg 1024w, https:\/\/rail-asso.fr\/wp-content\/uploads\/2025\/04\/Loisirs-1-300x225.jpg 300w, https:\/\/rail-asso.fr\/wp-content\/uploads\/2025\/04\/Loisirs-1-768x576.jpg 768w, https:\/\/rail-asso.fr\/wp-content\/uploads\/2025\/04\/Loisirs-1-1536x1152.jpg 1536w, https:\/\/rail-asso.fr\/wp-content\/uploads\/2025\/04\/Loisirs-1.jpg 1600w\" sizes=\"(max-width: 1024px) 100vw, 1024px\" \/><\/figure>\n\n\n\n<div style=\"height:var(--wp--preset--spacing--50)\" aria-hidden=\"true\" class=\"wp-block-spacer\"><\/div>\n\n\n\n<figure class=\"wp-block-image size-full is-style-rounded is-style-rounded--9\"><img loading=\"lazy\" decoding=\"async\" width=\"768\" height=\"1024\" src=\"https:\/\/rail-asso.fr\/wp-content\/uploads\/2025\/04\/IMG-20230616-WA0005.jpg\" alt=\"\" class=\"wp-image-330\" style=\"aspect-ratio:16\/9;object-fit:cover\" srcset=\"https:\/\/rail-asso.fr\/wp-content\/uploads\/2025\/04\/IMG-20230616-WA0005.jpg 768w, https:\/\/rail-asso.fr\/wp-content\/uploads\/2025\/04\/IMG-20230616-WA0005-225x300.jpg 225w\" sizes=\"(max-width: 768px) 100vw, 768px\" \/><\/figure>\n<\/div>\n\n\n\n<div class=\"wp-block-column is-layout-flow wp-container-core-column-is-layout-8a368f38 wp-block-column-is-layout-flow\">\n<div style=\"height:var(--wp--preset--spacing--50)\" aria-hidden=\"true\" class=\"wp-block-spacer\"><\/div>\n\n\n\n<figure class=\"wp-block-image size-large is-style-rounded is-style-rounded--10\"><img loading=\"lazy\" decoding=\"async\" width=\"1024\" height=\"768\" src=\"https:\/\/rail-asso.fr\/wp-content\/uploads\/2025\/04\/Louvre-Lens-5-janvier-2025-1024x768.png\" alt=\"\" class=\"wp-image-321\" style=\"aspect-ratio:1;object-fit:cover\" srcset=\"https:\/\/rail-asso.fr\/wp-content\/uploads\/2025\/04\/Louvre-Lens-5-janvier-2025-1024x768.png 1024w, https:\/\/rail-asso.fr\/wp-content\/uploads\/2025\/04\/Louvre-Lens-5-janvier-2025-300x225.png 300w, https:\/\/rail-asso.fr\/wp-content\/uploads\/2025\/04\/Louvre-Lens-5-janvier-2025-768x576.png 768w, https:\/\/rail-asso.fr\/wp-content\/uploads\/2025\/04\/Louvre-Lens-5-janvier-2025.png 1029w\" sizes=\"(max-width: 1024px) 100vw, 1024px\" \/><\/figure>\n\n\n\n<div style=\"height:var(--wp--preset--spacing--50)\" aria-hidden=\"true\" class=\"wp-block-spacer\"><\/div>\n\n\n\n<figure class=\"wp-block-image size-large is-style-rounded is-style-rounded--11\"><img loading=\"lazy\" decoding=\"async\" width=\"1024\" height=\"768\" src=\"https:\/\/rail-asso.fr\/wp-content\/uploads\/2025\/04\/sortie-RAIL-a-la-mer-21-aout-2024-1024x768.jpg\" alt=\"\" class=\"wp-image-324\" style=\"aspect-ratio:16\/9;object-fit:cover\" srcset=\"https:\/\/rail-asso.fr\/wp-content\/uploads\/2025\/04\/sortie-RAIL-a-la-mer-21-aout-2024-1024x768.jpg 1024w, https:\/\/rail-asso.fr\/wp-content\/uploads\/2025\/04\/sortie-RAIL-a-la-mer-21-aout-2024-300x225.jpg 300w, https:\/\/rail-asso.fr\/wp-content\/uploads\/2025\/04\/sortie-RAIL-a-la-mer-21-aout-2024-768x576.jpg 768w, https:\/\/rail-asso.fr\/wp-content\/uploads\/2025\/04\/sortie-RAIL-a-la-mer-21-aout-2024-1536x1152.jpg 1536w, https:\/\/rail-asso.fr\/wp-content\/uploads\/2025\/04\/sortie-RAIL-a-la-mer-21-aout-2024.jpg 1600w\" sizes=\"(max-width: 1024px) 100vw, 1024px\" \/><\/figure>\n\n\n\n<div style=\"height:var(--wp--preset--spacing--50)\" aria-hidden=\"true\" class=\"wp-block-spacer\"><\/div>\n\n\n\n<figure class=\"wp-block-image size-large is-style-rounded is-style-rounded--12\"><img loading=\"lazy\" decoding=\"async\" width=\"768\" height=\"1024\" src=\"https:\/\/rail-asso.fr\/wp-content\/uploads\/2025\/04\/14-decembre-2024-sables-et-jeux-1-768x1024.png\" alt=\"\" class=\"wp-image-329\" style=\"aspect-ratio:9\/16;object-fit:cover\" srcset=\"https:\/\/rail-asso.fr\/wp-content\/uploads\/2025\/04\/14-decembre-2024-sables-et-jeux-1-768x1024.png 768w, https:\/\/rail-asso.fr\/wp-content\/uploads\/2025\/04\/14-decembre-2024-sables-et-jeux-1-225x300.png 225w, https:\/\/rail-asso.fr\/wp-content\/uploads\/2025\/04\/14-decembre-2024-sables-et-jeux-1.png 960w\" sizes=\"(max-width: 768px) 100vw, 768px\" \/><\/figure>\n<\/div>\n<\/div>\n<\/div>\n\n\n\n<p><\/p>\n","protected":false},"excerpt":{"rendered":"<p>RAIL organise r\u00e9guli\u00e8rement des loisirs et activit\u00e9s avec les h\u00e9berg\u00e9s. Pique-nique \u00e0 la mer, r\u00e9alisation de p\u00e2tisseries, jeux de soci\u00e9t\u00e9, visite d\u2019expositions\u2026 Ces activit\u00e9s cr\u00e9ent du lien et favorisent l\u2019int\u00e9gration [&hellip;]<\/p>\n","protected":false},"author":1,"featured_media":0,"parent":0,"menu_order":0,"comment_status":"closed","ping_status":"closed","template":"","meta":{"saved_in_kubio":true,"_EventAllDay":false,"_EventTimezone":"","_EventStartDate":"","_EventEndDate":"","_EventStartDateUTC":"","_EventEndDateUTC":"","_EventShowMap":false,"_EventShowMapLink":false,"_EventURL":"","_EventCost":"","_EventCostDescription":"","_EventCurrencySymbol":"","_EventCurrencyCode":"","_EventCurrencyPosition":"","_EventDateTimeSeparator":"","_EventTimeRangeSeparator":"","_EventOrganizerID":[],"_EventVenueID":[],"_OrganizerEmail":"","_OrganizerPhone":"","_OrganizerWebsite":"","_VenueAddress":"","_VenueCity":"","_VenueCountry":"","_VenueProvince":"","_VenueState":"","_VenueZip":"","_VenuePhone":"","_VenueURL":"","_VenueStateProvince":"","_VenueLat":"","_VenueLng":"","_VenueShowMap":false,"_VenueShowMapLink":false,"footnotes":""},"class_list":["post-267","page","type-page","status-publish","hentry"],"kubio_ai_page_context":{"short_desc":"","purpose":"general"},"_links":{"self":[{"href":"https:\/\/rail-asso.fr\/index.php\/wp-json\/wp\/v2\/pages\/267","targetHints":{"allow":["GET"]}}],"collection":[{"href":"https:\/\/rail-asso.fr\/index.php\/wp-json\/wp\/v2\/pages"}],"about":[{"href":"https:\/\/rail-asso.fr\/index.php\/wp-json\/wp\/v2\/types\/page"}],"author":[{"embeddable":true,"href":"https:\/\/rail-asso.fr\/index.php\/wp-json\/wp\/v2\/users\/1"}],"replies":[{"embeddable":true,"href":"https:\/\/rail-asso.fr\/index.php\/wp-json\/wp\/v2\/comments?post=267"}],"version-history":[{"count":8,"href":"https:\/\/rail-asso.fr\/index.php\/wp-json\/wp\/v2\/pages\/267\/revisions"}],"predecessor-version":[{"id":553,"href":"https:\/\/rail-asso.fr\/index.php\/wp-json\/wp\/v2\/pages\/267\/revisions\/553"}],"wp:attachment":[{"href":"https:\/\/rail-asso.fr\/index.php\/wp-json\/wp\/v2\/media?parent=267"}],"curies":[{"name":"wp","href":"https:\/\/api.w.org\/{rel}","templated":true}]}}