{"id":42,"date":"2024-05-20T17:03:18","date_gmt":"2024-05-20T15:03:18","guid":{"rendered":"https:\/\/rail-asso.fr\/?page_id=42"},"modified":"2025-05-07T21:42:36","modified_gmt":"2025-05-07T19:42:36","slug":"notre-mission","status":"publish","type":"page","link":"https:\/\/rail-asso.fr\/index.php\/notre-mission\/","title":{"rendered":"Qui sommes-nous ?"},"content":{"rendered":"\n<p><em>Ouvrez votre porte pendant un mois et offrez \u00e0 un demandeur d\u2019asile un foyer temporaire, un soutien humain et une chance de construire son avenir.<\/em><\/p>\n\n\n\n<p>RAIL est une association cr\u00e9\u00e9e en 2012 pour r\u00e9pondre \u00e0 la crise de l\u2019accueil des demandeurs d\u2019asile \u00e0 Lille. Nous facilitons leur accueil gr\u00e2ce \u00e0 un r\u00e9seau de familles solidaires et de partenaires engag\u00e9s.<\/p>\n\n\n\n<p>En France, chaque demandeur d\u2019asile a le droit \u00e0 un h\u00e9bergement, mais faute de places suffisantes, trop d\u2019entre eux se retrouvent sans toit. C\u2019est l\u00e0 que RAIL agit en cr\u00e9ant un pont entre des familles solidaires et ceux qui en ont besoin. <\/p>\n\n\n\n<p>Pendant un mois, vous pouvez offrir bien plus qu\u2019un toit : un espace de r\u00e9pit, un moment de r\u00e9confort, une chance de reconstruire l\u2019avenir. Parce que l\u2019accueil ne doit pas \u00eatre une exception, mais une r\u00e9alit\u00e9 accessible \u00e0 tous.<\/p>\n\n\n\n<p><strong><a href=\"https:\/\/rail-asso.fr\/index.php\/vie-de-lassociation\/\" target=\"_blank\" rel=\"noreferrer noopener\">Vie de l&rsquo;association<\/a><\/strong><\/p>\n\n\n\n<p><strong>Nos valeurs <\/strong><\/p>\n\n\n\n<p>Notre action est orient\u00e9e par les valeurs qui nous portent : l&rsquo;attention port\u00e9e \u00e0 autrui, le respect de la dignit\u00e9 de chacun et chacune, l&rsquo;engagement. Les personnes engag\u00e9es dans la vie de l&rsquo;association sont \u00e9galement impliqu\u00e9es dans l&rsquo;accueil de demandeurs d&rsquo;asile.<\/p>\n\n\n\n<p><strong>Un cadre d&rsquo;action s\u00e9cure et porteur<\/strong><\/p>\n\n\n\n<p>RAIL situe son action dans un cadre l\u00e9gal exclusivement. L\u2019accueil RAIL n\u2019est li\u00e9 \u00e0 aucune transaction financi\u00e8re, ni de la part de l\u2019accueillant, ni de la part de l\u2019accueilli.<\/p>\n\n\n\n<p>Les familles accueillent gratuitement un.e demandeur.se d&rsquo;asile pour une dur\u00e9e de 1 mois. Tout au long de l&rsquo;accueil, l&rsquo;\u00e9quipe de coordination accompagne chaque famille dans l&rsquo;h\u00e9bergement et chaque demandeur d&rsquo;asile dans son insertion et ses d\u00e9marches.  Tout au long de son accueil, \u200bla personne h\u00e9berg\u00e9e s\u2019engage \u00e0 effectuer les d\u00e9marches n\u00e9cessaires (bilan social, appel du 115 \u2026) \u00e0 sa prise en charge par les pouvoirs publics. Au bout d&rsquo;1 mois, l&rsquo; accueil est renouvel\u00e9 dans&nbsp; une autre famille ou communaut\u00e9 jusqu&rsquo;\u00e0 obtention du logement que l\u2019\u00e9tat doit fournir aux demandeurs d\u2019asile.<\/p>\n\n\n\n<p><strong>Une exp\u00e9rience enrichissante<\/strong><\/p>\n\n\n\n<p>Partager des moments avec une personne d&rsquo;une autre culture est une ouverture au monde, un pas de c\u00f4t\u00e9 tr\u00e8s b\u00e9n\u00e9fique dans la vie quotidienne. <\/p>\n\n\n\n<p>\u200bRAIL propose aux accueillants des temps de rencontre et de soutien mutuel.<\/p>\n\n\n\n<p><strong>Une action efficace<\/strong><\/p>\n\n\n\n<p>En 12 ans d&rsquo;action, RAIL a mis temporairement \u00e0 l&rsquo;abri plus de 250 personnes. Suite \u00e0 cette mise \u00e0 l&rsquo;abri, une petite majorit\u00e9 d&rsquo;entre elles ont \u00e9t\u00e9 admises dans un h\u00e9bergement d\u00e9die (HUDA, CADA) ou en foyer suite \u00e0 un appel au 115. <\/p>\n\n\n\n<p><em><a href=\"https:\/\/rail-asso.fr\/index.php\/temoignages\/\" target=\"_blank\" rel=\"noreferrer noopener\">D\u00e9couvrez comment une famille a chang\u00e9 la vie d\u2019un demandeur d\u2019asile.<\/a><\/em><\/p>\n\n\n\n<p><\/p>\n\n\n\n<p><\/p>\n\n\n\n<p><\/p>\n","protected":false},"excerpt":{"rendered":"<p>Ouvrez votre porte pendant un mois et offrez \u00e0 un demandeur d\u2019asile un foyer temporaire, un soutien humain et une chance de construire son avenir. RAIL est une association cr\u00e9\u00e9e [&hellip;]<\/p>\n","protected":false},"author":1,"featured_media":43,"parent":0,"menu_order":0,"comment_status":"closed","ping_status":"closed","template":"","meta":{"saved_in_kubio":true,"_EventAllDay":false,"_EventTimezone":"","_EventStartDate":"","_EventEndDate":"","_EventStartDateUTC":"","_EventEndDateUTC":"","_EventShowMap":false,"_EventShowMapLink":false,"_EventURL":"","_EventCost":"","_EventCostDescription":"","_EventCurrencySymbol":"","_EventCurrencyCode":"","_EventCurrencyPosition":"","_EventDateTimeSeparator":"","_EventTimeRangeSeparator":"","_EventOrganizerID":[],"_EventVenueID":[],"_OrganizerEmail":"","_OrganizerPhone":"","_OrganizerWebsite":"","_VenueAddress":"","_VenueCity":"","_VenueCountry":"","_VenueProvince":"","_VenueState":"","_VenueZip":"","_VenuePhone":"","_VenueURL":"","_VenueStateProvince":"","_VenueLat":"","_VenueLng":"","_VenueShowMap":false,"_VenueShowMapLink":false,"footnotes":""},"class_list":["post-42","page","type-page","status-publish","has-post-thumbnail","hentry"],"kubio_ai_page_context":{"short_desc":"","purpose":"general"},"_links":{"self":[{"href":"https:\/\/rail-asso.fr\/index.php\/wp-json\/wp\/v2\/pages\/42","targetHints":{"allow":["GET"]}}],"collection":[{"href":"https:\/\/rail-asso.fr\/index.php\/wp-json\/wp\/v2\/pages"}],"about":[{"href":"https:\/\/rail-asso.fr\/index.php\/wp-json\/wp\/v2\/types\/page"}],"author":[{"embeddable":true,"href":"https:\/\/rail-asso.fr\/index.php\/wp-json\/wp\/v2\/users\/1"}],"replies":[{"embeddable":true,"href":"https:\/\/rail-asso.fr\/index.php\/wp-json\/wp\/v2\/comments?post=42"}],"version-history":[{"count":14,"href":"https:\/\/rail-asso.fr\/index.php\/wp-json\/wp\/v2\/pages\/42\/revisions"}],"predecessor-version":[{"id":486,"href":"https:\/\/rail-asso.fr\/index.php\/wp-json\/wp\/v2\/pages\/42\/revisions\/486"}],"wp:featuredmedia":[{"embeddable":true,"href":"https:\/\/rail-asso.fr\/index.php\/wp-json\/wp\/v2\/media\/43"}],"wp:attachment":[{"href":"https:\/\/rail-asso.fr\/index.php\/wp-json\/wp\/v2\/media?parent=42"}],"curies":[{"name":"wp","href":"https:\/\/api.w.org\/{rel}","templated":true}]}}